{"id":3239,"date":"2019-06-18T12:34:48","date_gmt":"2019-06-18T12:34:48","guid":{"rendered":"https:\/\/terceirarentascooter.pt\/sobre\/"},"modified":"2026-03-03T23:35:45","modified_gmt":"2026-03-03T23:35:45","slug":"sobre","status":"publish","type":"page","link":"https:\/\/terceirarentascooter.pt\/pt-pt\/sobre\/","title":{"rendered":"Sobre"},"content":{"rendered":"\t\t<div data-elementor-type=\"wp-page\" data-elementor-id=\"3239\" class=\"elementor elementor-3239 elementor-95\" data-elementor-post-type=\"page\">\n\t\t\t\t<div class=\"elementor-element elementor-element-a3417f5 e-flex e-con-boxed e-con e-parent\" data-id=\"a3417f5\" data-element_type=\"container\" data-e-type=\"container\" data-settings=\"{&quot;background_background&quot;:&quot;classic&quot;}\">\n\t\t\t\t\t<div class=\"e-con-inner\">\n\t\t\t\t<div class=\"elementor-element elementor-element-8494139 elementor-widget__width-initial elementor-widget elementor-widget-heading\" data-id=\"8494139\" data-element_type=\"widget\" data-e-type=\"widget\" data-widget_type=\"heading.default\">\n\t\t\t\t<div class=\"elementor-widget-container\">\n\t\t\t\t\t<h2 class=\"elementor-heading-title elementor-size-default\">Sobre Terceira rent-a-scooter<\/h2>\t\t\t\t<\/div>\n\t\t\t\t<\/div>\n\t\t\t\t\t<\/div>\n\t\t\t\t<\/div>\n\t\t<div class=\"elementor-element elementor-element-39d7456 e-flex e-con-boxed e-con e-parent\" data-id=\"39d7456\" data-element_type=\"container\" data-e-type=\"container\" data-settings=\"{&quot;background_background&quot;:&quot;classic&quot;}\">\n\t\t\t\t\t<div class=\"e-con-inner\">\n\t\t<div class=\"elementor-element elementor-element-220e24b e-con-full e-flex e-con e-child\" data-id=\"220e24b\" data-element_type=\"container\" data-e-type=\"container\">\n\t\t\t\t<div class=\"elementor-element elementor-element-02532cc elementor-widget elementor-widget-heading\" data-id=\"02532cc\" data-element_type=\"widget\" data-e-type=\"widget\" data-widget_type=\"heading.default\">\n\t\t\t\t<div class=\"elementor-widget-container\">\n\t\t\t\t\t<h2 class=\"elementor-heading-title elementor-size-default\">Onde as estradas da ilha encontram as ra\u00edzes das planta\u00e7\u00f5es<\/h2>\t\t\t\t<\/div>\n\t\t\t\t<\/div>\n\t\t\t\t<div class=\"elementor-element elementor-element-ed18877 elementor-widget elementor-widget-text-editor\" data-id=\"ed18877\" data-element_type=\"widget\" data-e-type=\"widget\" data-widget_type=\"text-editor.default\">\n\t\t\t\t<div class=\"elementor-widget-container\">\n\t\t\t\t\t\t\t\t\t<p>Ol\u00e1! Sou o Marcelo Mota, fundador da Terceira Rent-a-Scooter, e gostaria de partilhar um pouco da hist\u00f3ria de como este sonho come\u00e7ou e de como est\u00e1 ligado \u00e0 natureza, \u00e0 fam\u00edlia e a um bom caf\u00e9 \u2615.<\/p>\n<p>Desde crian\u00e7a que adoro motos. Na adolesc\u00eancia, cheguei a praticar motocross e tirei a carta de condu\u00e7\u00e3o aos 14 anos \u2014 conduzir sempre me pareceu uma forma de liberdade, mobilidade e de me conectar com a natureza que me rodeia. Essa sensa\u00e7\u00e3o nunca desapareceu.  <\/p>\n<p>H\u00e1 anos, juntamente com a minha fam\u00edlia, come\u00e7\u00e1mos a gerir o Banana Eco Camp, um retiro de estilo glamping situado numa planta\u00e7\u00e3o tropical biol\u00f3gica na Terceira. A nossa terra produz bananas, mas tamb\u00e9m frutas ex\u00f3ticas e um produto local muito apreciado: o caf\u00e9. No Coffee Cabana, cultivamos, colhemos, torramos e servimos o nosso pr\u00f3prio caf\u00e9 biol\u00f3gico, convidando os viajantes a desfrutar de uma experi\u00eancia genu\u00edna &#8220;da quinta \u00e0 ch\u00e1vena&#8221;.  <\/p>\n\t\t\t\t\t\t\t\t<\/div>\n\t\t\t\t<\/div>\n\t\t\t\t<\/div>\n\t\t<div class=\"elementor-element elementor-element-bdd4344 e-con-full e-flex e-con e-child\" data-id=\"bdd4344\" data-element_type=\"container\" data-e-type=\"container\">\n\t\t\t\t<div class=\"elementor-element elementor-element-73faf4f elementor-widget elementor-widget-image\" data-id=\"73faf4f\" data-element_type=\"widget\" data-e-type=\"widget\" data-widget_type=\"image.default\">\n\t\t\t\t<div class=\"elementor-widget-container\">\n\t\t\t\t\t\t\t\t\t\t\t\t\t\t\t<img fetchpriority=\"high\" decoding=\"async\" width=\"1200\" height=\"947\" src=\"https:\/\/terceirarentascooter.pt\/caxoocka\/2025\/11\/marcel-family.webp\" class=\"attachment-large size-large wp-image-2946\" alt=\"\" srcset=\"https:\/\/terceirarentascooter.pt\/caxoocka\/2025\/11\/marcel-family.webp 1200w, https:\/\/terceirarentascooter.pt\/caxoocka\/2025\/11\/marcel-family-360x284.webp 360w, https:\/\/terceirarentascooter.pt\/caxoocka\/2025\/11\/marcel-family-840x663.webp 840w, https:\/\/terceirarentascooter.pt\/caxoocka\/2025\/11\/marcel-family-600x474.webp 600w\" sizes=\"(max-width: 1200px) 100vw, 1200px\" \/>\t\t\t\t\t\t\t\t\t\t\t\t\t\t\t<\/div>\n\t\t\t\t<\/div>\n\t\t\t\t<div class=\"elementor-element elementor-element-8f88f19 elementor-widget elementor-widget-text-editor\" data-id=\"8f88f19\" data-element_type=\"widget\" data-e-type=\"widget\" data-widget_type=\"text-editor.default\">\n\t\t\t\t<div class=\"elementor-widget-container\">\n\t\t\t\t\t\t\t\t\t<p>Ao percebermos quantos h\u00f3spedes queriam explorar a ilha para l\u00e1 do acampamento \u2014 para descobrir praias escondidas, grutas vulc\u00e2nicas, miradouros com vistas deslumbrantes e aldeias encantadoras \u2014 percebemos a necessidade de uma forma simples, flex\u00edvel e local de nos deslocarmos. Nem todos precisavam de carro; muitos queriam a praticidade de uma scooter leve \u2014 e certamente n\u00e3o queriam as complica\u00e7\u00f5es. <\/p>\n<p>Foi assim que nasceu a Terceira Rent-a-Scooter: um pequeno servi\u00e7o familiar criado para abra\u00e7ar o esp\u00edrito das nossas ra\u00edzes nas planta\u00e7\u00f5es e no glamping, mas aplicado \u00e0 mobilidade na ilha.<\/p>\n\t\t\t\t\t\t\t\t<\/div>\n\t\t\t\t<\/div>\n\t\t\t\t<\/div>\n\t\t\t\t\t<\/div>\n\t\t\t\t<\/div>\n\t\t<div class=\"elementor-element elementor-element-f43b221 e-flex e-con-boxed e-con e-parent\" data-id=\"f43b221\" data-element_type=\"container\" data-e-type=\"container\" data-settings=\"{&quot;background_background&quot;:&quot;classic&quot;}\">\n\t\t\t\t\t<div class=\"e-con-inner\">\n\t\t<div class=\"elementor-element elementor-element-657b01d e-con-full e-flex e-con e-child\" data-id=\"657b01d\" data-element_type=\"container\" data-e-type=\"container\">\n\t\t\t\t<div class=\"elementor-element elementor-element-a9c0285 elementor-hidden-desktop elementor-hidden-tablet elementor-widget elementor-widget-heading\" data-id=\"a9c0285\" data-element_type=\"widget\" data-e-type=\"widget\" data-widget_type=\"heading.default\">\n\t\t\t\t<div class=\"elementor-widget-container\">\n\t\t\t\t\t<h2 class=\"elementor-heading-title elementor-size-default\">A nossa vis\u00e3o: Liberdade, natureza e esp\u00edrito da ilha<\/h2>\t\t\t\t<\/div>\n\t\t\t\t<\/div>\n\t\t\t\t<div class=\"elementor-element elementor-element-d2b6cdb elementor-widget elementor-widget-text-editor\" data-id=\"d2b6cdb\" data-element_type=\"widget\" data-e-type=\"widget\" data-widget_type=\"text-editor.default\">\n\t\t\t\t<div class=\"elementor-widget-container\">\n\t\t\t\t\t\t\t\t\t<ul>\n<li>Liberdade para explorar \u2014 tal como as nossas estradas de planta\u00e7\u00e3o, Terceira \u00e9 melhor apreciada devagar, sobre duas rodas. Alugando uma mota, d\u00e1-lhe as chaves para ir para onde quiser, quando quiser. <\/li>\n<li>Ra\u00edzes locais e sustentabilidade \u2014 tal como o Banana Eco Camp e o Coffee Cabana, acreditamos no turismo respeitador: desfrute da ilha sem deixar grandes pegadas.<\/li>\n<li>Simplicidade e honestidade \u2014 sem necessidade de cart\u00e3o de cr\u00e9dito, sem taxas ocultas, sem complica\u00e7\u00f5es \u2014 apenas boas vibra\u00e7\u00f5es, servi\u00e7o simp\u00e1tico e scooters fi\u00e1veis.<\/li>\n<li>Hospitalidade genu\u00edna \u2014 tratamos todos como h\u00f3spedes da quinta: de forma simp\u00e1tica, acolhedora e humana.<\/li>\n<\/ul>\n\t\t\t\t\t\t\t\t<\/div>\n\t\t\t\t<\/div>\n\t\t\t\t<div class=\"elementor-element elementor-element-a89548e elementor-widget elementor-widget-heading\" data-id=\"a89548e\" data-element_type=\"widget\" data-e-type=\"widget\" data-widget_type=\"heading.default\">\n\t\t\t\t<div class=\"elementor-widget-container\">\n\t\t\t\t\t<h2 class=\"elementor-heading-title elementor-size-default\">Porque \u00e9 mais do que apenas uma boleia<\/h2>\t\t\t\t<\/div>\n\t\t\t\t<\/div>\n\t\t\t\t<\/div>\n\t\t<div class=\"elementor-element elementor-element-259f436 e-con-full e-flex e-con e-child\" data-id=\"259f436\" data-element_type=\"container\" data-e-type=\"container\">\n\t\t\t\t<div class=\"elementor-element elementor-element-fa39858 elementor-hidden-mobile elementor-widget elementor-widget-heading\" data-id=\"fa39858\" data-element_type=\"widget\" data-e-type=\"widget\" data-widget_type=\"heading.default\">\n\t\t\t\t<div class=\"elementor-widget-container\">\n\t\t\t\t\t<h2 class=\"elementor-heading-title elementor-size-default\">A nossa vis\u00e3o: Liberdade, natureza e esp\u00edrito da ilha<\/h2>\t\t\t\t<\/div>\n\t\t\t\t<\/div>\n\t\t\t\t<div class=\"elementor-element elementor-element-e3dc466 elementor-widget elementor-widget-image\" data-id=\"e3dc466\" data-element_type=\"widget\" data-e-type=\"widget\" data-widget_type=\"image.default\">\n\t\t\t\t<div class=\"elementor-widget-container\">\n\t\t\t\t\t\t\t\t\t\t\t\t\t\t\t<img decoding=\"async\" width=\"1200\" height=\"675\" src=\"https:\/\/terceirarentascooter.pt\/caxoocka\/2025\/11\/banana-eco-camp-1500x844.webp\" class=\"attachment-large size-large wp-image-2957\" alt=\"\" srcset=\"https:\/\/terceirarentascooter.pt\/caxoocka\/2025\/11\/banana-eco-camp-1500x844.webp 1500w, https:\/\/terceirarentascooter.pt\/caxoocka\/2025\/11\/banana-eco-camp-360x203.webp 360w, https:\/\/terceirarentascooter.pt\/caxoocka\/2025\/11\/banana-eco-camp-840x473.webp 840w, https:\/\/terceirarentascooter.pt\/caxoocka\/2025\/11\/banana-eco-camp-1536x864.webp 1536w, https:\/\/terceirarentascooter.pt\/caxoocka\/2025\/11\/banana-eco-camp-600x338.webp 600w, https:\/\/terceirarentascooter.pt\/caxoocka\/2025\/11\/banana-eco-camp.webp 1920w\" sizes=\"(max-width: 1200px) 100vw, 1200px\" \/>\t\t\t\t\t\t\t\t\t\t\t\t\t\t\t<\/div>\n\t\t\t\t<\/div>\n\t\t\t\t<div class=\"elementor-element elementor-element-6d25e35 elementor-widget elementor-widget-text-editor\" data-id=\"6d25e35\" data-element_type=\"widget\" data-e-type=\"widget\" data-widget_type=\"text-editor.default\">\n\t\t\t\t<div class=\"elementor-widget-container\">\n\t\t\t\t\t\t\t\t\t<p>Para muitos dos nossos h\u00f3spedes, alugar uma scooter n\u00e3o \u00e9 apenas uma quest\u00e3o de transporte \u2014 faz parte da experi\u00eancia. Imagine come\u00e7ar a manh\u00e3 com uma ch\u00e1vena de caf\u00e9 forte e suave do Coffee Cabana, depois subir para a sua scooter, colocar o capacete, sentir o vento na cara e partir para explorar vistas deslumbrantes de penhascos, piscinas naturais, vinhas ou praias com um p\u00f4r-do-sol espetacular. <\/p>\n<p>Na Terceira Rent-a-Scooter n\u00e3o est\u00e1 apenas a alugar um ve\u00edculo. Vai experimentar um pouco da vida na ilha, um pouco da hospitalidade das planta\u00e7\u00f5es, uma sensa\u00e7\u00e3o de liberdade e descoberta. <\/p>\n\t\t\t\t\t\t\t\t<\/div>\n\t\t\t\t<\/div>\n\t\t\t\t<\/div>\n\t\t\t\t\t<\/div>\n\t\t\t\t<\/div>\n\t\t<div class=\"elementor-element elementor-element-2a84eeb e-flex e-con-boxed e-con e-parent\" data-id=\"2a84eeb\" data-element_type=\"container\" data-e-type=\"container\" data-settings=\"{&quot;background_background&quot;:&quot;classic&quot;}\">\n\t\t\t\t\t<div class=\"e-con-inner\">\n\t\t\t\t<div class=\"elementor-element elementor-element-aa6455e elementor-widget elementor-widget-heading\" data-id=\"aa6455e\" data-element_type=\"widget\" data-e-type=\"widget\" data-widget_type=\"heading.default\">\n\t\t\t\t<div class=\"elementor-widget-container\">\n\t\t\t\t\t<h2 class=\"elementor-heading-title elementor-size-default\">Venha passear connosco \u2014 Sinta o pulsar de Terceira<\/h2>\t\t\t\t<\/div>\n\t\t\t\t<\/div>\n\t\t\t\t<div class=\"elementor-element elementor-element-685be93 elementor-widget elementor-widget-text-editor\" data-id=\"685be93\" data-element_type=\"widget\" data-e-type=\"widget\" data-widget_type=\"text-editor.default\">\n\t\t\t\t<div class=\"elementor-widget-container\">\n\t\t\t\t\t\t\t\t\t<p>Quer fique alojado no Banana Eco Camp ou em qualquer outro local da ilha:<\/p>\n<ul>\n<li>Reserve facilmente online, sem necessidade de cart\u00e3o de cr\u00e9dito.<\/li>\n<li>Levante a sua scooter em Angra do Hero\u00edsmo.<\/li>\n<li>Percorra a ilha de bicicleta e descubra locais que a maioria das pessoas nunca v\u00ea.<\/li>\n<li>Talvez possa dar um salto ao Coffee Cabana mais tarde \u2014 e saborear um caf\u00e9 cultivado pelas mesmas m\u00e3os que ajudaram a dar vida ao seu ve\u00edculo.<\/li>\n<\/ul>\n<p style=\"text-align: center;\">Estamos entusiasmados por partilhar a Terceira consigo \u2014 de uma forma descontra\u00edda, aut\u00eantica e inesquec\u00edvel.<\/p>\n<p style=\"text-align: center;\"><strong>Ande livremente. Explore em profundidade. Viva Terceira.  <\/strong><\/p>\n\t\t\t\t\t\t\t\t<\/div>\n\t\t\t\t<\/div>\n\t\t\t\t<div class=\"elementor-element elementor-element-74ab876 elementor-align-center elementor-widget elementor-widget-button\" data-id=\"74ab876\" data-element_type=\"widget\" data-e-type=\"widget\" data-widget_type=\"button.default\">\n\t\t\t\t<div class=\"elementor-widget-container\">\n\t\t\t\t\t\t\t\t\t<div class=\"elementor-button-wrapper\">\n\t\t\t\t\t<a class=\"elementor-button elementor-button-link elementor-size-sm elementor-animation-skew\" href=\"https:\/\/terceirarentascooter.pt\/pt-pt\/loja\/\">\n\t\t\t\t\t\t<span class=\"elementor-button-content-wrapper\">\n\t\t\t\t\t\t<span class=\"elementor-button-icon\">\n\t\t\t\t<i aria-hidden=\"true\" class=\"fas fa-map-pin\"><\/i>\t\t\t<\/span>\n\t\t\t\t\t\t\t\t\t<span class=\"elementor-button-text\">Reserve aqui a sua viagem<\/span>\n\t\t\t\t\t<\/span>\n\t\t\t\t\t<\/a>\n\t\t\t\t<\/div>\n\t\t\t\t\t\t\t\t<\/div>\n\t\t\t\t<\/div>\n\t\t\t\t\t<\/div>\n\t\t\t\t<\/div>\n\t\t\t\t<\/div>\n\t\t","protected":false},"excerpt":{"rendered":"<p>Sobre Terceira rent-a-scooter Onde as estradas da ilha encontram as ra\u00edzes das planta\u00e7\u00f5es Ol\u00e1! Sou o Marcelo Mota, fundador da Terceira Rent-a-Scooter, e gostaria de partilhar um pouco da hist\u00f3ria de como este sonho come\u00e7ou e de como est\u00e1 ligado \u00e0 natureza, \u00e0 fam\u00edlia e a um bom caf\u00e9 \u2615. Desde crian\u00e7a que adoro motos. [&hellip;]<\/p>\n","protected":false},"author":1,"featured_media":0,"parent":0,"menu_order":0,"comment_status":"closed","ping_status":"closed","template":"","meta":{"site-sidebar-layout":"default","site-content-layout":"","ast-site-content-layout":"default","site-content-style":"default","site-sidebar-style":"default","ast-global-header-display":"","ast-banner-title-visibility":"","ast-main-header-display":"","ast-hfb-above-header-display":"","ast-hfb-below-header-display":"","ast-hfb-mobile-header-display":"","site-post-title":"disabled","ast-breadcrumbs-content":"","ast-featured-img":"","footer-sml-layout":"","ast-disable-related-posts":"","theme-transparent-header-meta":"","adv-header-id-meta":"","stick-header-meta":"","header-above-stick-meta":"","header-main-stick-meta":"","header-below-stick-meta":"","astra-migrate-meta-layouts":"default","ast-page-background-enabled":"default","ast-page-background-meta":{"desktop":{"background-color":"var(--ast-global-color-4)","background-image":"","background-repeat":"repeat","background-position":"center center","background-size":"auto","background-attachment":"scroll","background-type":"","background-media":"","overlay-type":"","overlay-color":"","overlay-opacity":"","overlay-gradient":""},"tablet":{"background-color":"","background-image":"","background-repeat":"repeat","background-position":"center center","background-size":"auto","background-attachment":"scroll","background-type":"","background-media":"","overlay-type":"","overlay-color":"","overlay-opacity":"","overlay-gradient":""},"mobile":{"background-color":"","background-image":"","background-repeat":"repeat","background-position":"center center","background-size":"auto","background-attachment":"scroll","background-type":"","background-media":"","overlay-type":"","overlay-color":"","overlay-opacity":"","overlay-gradient":""}},"ast-content-background-meta":{"desktop":{"background-color":"var(--ast-global-color-5)","background-image":"","background-repeat":"repeat","background-position":"center center","background-size":"auto","background-attachment":"scroll","background-type":"","background-media":"","overlay-type":"","overlay-color":"","overlay-opacity":"","overlay-gradient":""},"tablet":{"background-color":"var(--ast-global-color-5)","background-image":"","background-repeat":"repeat","background-position":"center center","background-size":"auto","background-attachment":"scroll","background-type":"","background-media":"","overlay-type":"","overlay-color":"","overlay-opacity":"","overlay-gradient":""},"mobile":{"background-color":"var(--ast-global-color-5)","background-image":"","background-repeat":"repeat","background-position":"center center","background-size":"auto","background-attachment":"scroll","background-type":"","background-media":"","overlay-type":"","overlay-color":"","overlay-opacity":"","overlay-gradient":""}},"footnotes":""},"class_list":["post-3239","page","type-page","status-publish","hentry"],"_links":{"self":[{"href":"https:\/\/terceirarentascooter.pt\/pt-pt\/wp-json\/wp\/v2\/pages\/3239","targetHints":{"allow":["GET"]}}],"collection":[{"href":"https:\/\/terceirarentascooter.pt\/pt-pt\/wp-json\/wp\/v2\/pages"}],"about":[{"href":"https:\/\/terceirarentascooter.pt\/pt-pt\/wp-json\/wp\/v2\/types\/page"}],"author":[{"embeddable":true,"href":"https:\/\/terceirarentascooter.pt\/pt-pt\/wp-json\/wp\/v2\/users\/1"}],"replies":[{"embeddable":true,"href":"https:\/\/terceirarentascooter.pt\/pt-pt\/wp-json\/wp\/v2\/comments?post=3239"}],"version-history":[{"count":0,"href":"https:\/\/terceirarentascooter.pt\/pt-pt\/wp-json\/wp\/v2\/pages\/3239\/revisions"}],"wp:attachment":[{"href":"https:\/\/terceirarentascooter.pt\/pt-pt\/wp-json\/wp\/v2\/media?parent=3239"}],"curies":[{"name":"wp","href":"https:\/\/api.w.org\/{rel}","templated":true}]}}