{"id":3838,"date":"2019-06-18T12:34:48","date_gmt":"2019-06-18T12:34:48","guid":{"rendered":"https:\/\/terceirarentascooter.pt\/a-propos\/"},"modified":"2026-03-03T23:34:12","modified_gmt":"2026-03-03T23:34:12","slug":"a-propos","status":"publish","type":"page","link":"https:\/\/terceirarentascooter.pt\/fr\/a-propos\/","title":{"rendered":"\u00c0 propos"},"content":{"rendered":"\t\t<div data-elementor-type=\"wp-page\" data-elementor-id=\"3838\" class=\"elementor elementor-3838 elementor-95\" data-elementor-post-type=\"page\">\n\t\t\t\t<div class=\"elementor-element elementor-element-a3417f5 e-flex e-con-boxed e-con e-parent\" data-id=\"a3417f5\" data-element_type=\"container\" data-e-type=\"container\" data-settings=\"{&quot;background_background&quot;:&quot;classic&quot;}\">\n\t\t\t\t\t<div class=\"e-con-inner\">\n\t\t\t\t<div class=\"elementor-element elementor-element-8494139 elementor-widget__width-initial elementor-widget elementor-widget-heading\" data-id=\"8494139\" data-element_type=\"widget\" data-e-type=\"widget\" data-widget_type=\"heading.default\">\n\t\t\t\t<div class=\"elementor-widget-container\">\n\t\t\t\t\t<h2 class=\"elementor-heading-title elementor-size-default\">\u00c0 propos Terceira rent-a-scooter<\/h2>\t\t\t\t<\/div>\n\t\t\t\t<\/div>\n\t\t\t\t\t<\/div>\n\t\t\t\t<\/div>\n\t\t<div class=\"elementor-element elementor-element-39d7456 e-flex e-con-boxed e-con e-parent\" data-id=\"39d7456\" data-element_type=\"container\" data-e-type=\"container\" data-settings=\"{&quot;background_background&quot;:&quot;classic&quot;}\">\n\t\t\t\t\t<div class=\"e-con-inner\">\n\t\t<div class=\"elementor-element elementor-element-220e24b e-con-full e-flex e-con e-child\" data-id=\"220e24b\" data-element_type=\"container\" data-e-type=\"container\">\n\t\t\t\t<div class=\"elementor-element elementor-element-02532cc elementor-widget elementor-widget-heading\" data-id=\"02532cc\" data-element_type=\"widget\" data-e-type=\"widget\" data-widget_type=\"heading.default\">\n\t\t\t\t<div class=\"elementor-widget-container\">\n\t\t\t\t\t<h2 class=\"elementor-heading-title elementor-size-default\">L\u00e0 o\u00f9 les routes insulaires rencontrent les racines des plantations<\/h2>\t\t\t\t<\/div>\n\t\t\t\t<\/div>\n\t\t\t\t<div class=\"elementor-element elementor-element-ed18877 elementor-widget elementor-widget-text-editor\" data-id=\"ed18877\" data-element_type=\"widget\" data-e-type=\"widget\" data-widget_type=\"text-editor.default\">\n\t\t\t\t<div class=\"elementor-widget-container\">\n\t\t\t\t\t\t\t\t\t<p>Salut \u2014 je suis Marcelo Mota, fondateur de Terceira Rent-a-Scooter, et j\u2019aimerais partager une petite histoire sur l\u2019origine de ce r\u00eave et son lien avec la nature, la famille \u2014 et le bon caf\u00e9 \u2615.<\/p>\n<p>Depuis mon enfance, je suis passionn\u00e9 de motos. Adolescent, je pratiquais m\u00eame le motocross et j&#8217;ai obtenu mon permis \u00e0 14 ans. Conduire une moto a toujours \u00e9t\u00e9 pour moi synonyme de libert\u00e9, de mobilit\u00e9 et de connexion avec la nature. Ce sentiment ne m&#8217;a jamais quitt\u00e9.  <\/p>\n<p>Il y a des ann\u00e9es, avec ma famille, nous avons cr\u00e9\u00e9 Banana Eco Camp, un refuge de glamping nich\u00e9 au c\u0153ur d&#8217;une plantation tropicale et biologique sur l&#8217;\u00eele de Terceira. Nos terres produisent des bananes, mais aussi des fruits exotiques et un produit local tr\u00e8s appr\u00e9ci\u00e9: le caf\u00e9. Nous cultivons, r\u00e9coltons, torr\u00e9fions et servons notre propre caf\u00e9 bio au Coffee Cabana, o\u00f9 nous invitons les voyageurs \u00e0 vivre une exp\u00e9rience authentique, de la ferme \u00e0 la tasse.  <\/p>\n\t\t\t\t\t\t\t\t<\/div>\n\t\t\t\t<\/div>\n\t\t\t\t<\/div>\n\t\t<div class=\"elementor-element elementor-element-bdd4344 e-con-full e-flex e-con e-child\" data-id=\"bdd4344\" data-element_type=\"container\" data-e-type=\"container\">\n\t\t\t\t<div class=\"elementor-element elementor-element-73faf4f elementor-widget elementor-widget-image\" data-id=\"73faf4f\" data-element_type=\"widget\" data-e-type=\"widget\" data-widget_type=\"image.default\">\n\t\t\t\t<div class=\"elementor-widget-container\">\n\t\t\t\t\t\t\t\t\t\t\t\t\t\t\t<img fetchpriority=\"high\" decoding=\"async\" width=\"1200\" height=\"947\" src=\"https:\/\/terceirarentascooter.pt\/caxoocka\/2025\/11\/marcel-family.webp\" class=\"attachment-large size-large wp-image-2945\" alt=\"\" srcset=\"https:\/\/terceirarentascooter.pt\/caxoocka\/2025\/11\/marcel-family.webp 1200w, https:\/\/terceirarentascooter.pt\/caxoocka\/2025\/11\/marcel-family-360x284.webp 360w, https:\/\/terceirarentascooter.pt\/caxoocka\/2025\/11\/marcel-family-840x663.webp 840w, https:\/\/terceirarentascooter.pt\/caxoocka\/2025\/11\/marcel-family-600x474.webp 600w\" sizes=\"(max-width: 1200px) 100vw, 1200px\" \/>\t\t\t\t\t\t\t\t\t\t\t\t\t\t\t<\/div>\n\t\t\t\t<\/div>\n\t\t\t\t<div class=\"elementor-element elementor-element-8f88f19 elementor-widget elementor-widget-text-editor\" data-id=\"8f88f19\" data-element_type=\"widget\" data-e-type=\"widget\" data-widget_type=\"text-editor.default\">\n\t\t\t\t<div class=\"elementor-widget-container\">\n\t\t\t\t\t\t\t\t\t<p>En constatant le nombre de visiteurs d\u00e9sireux d&#8217;explorer l&#8217;\u00eele au-del\u00e0 du camp \u2013 d\u00e9couvrir des plages secr\u00e8tes, des grottes volcaniques, des panoramas \u00e0 couper le souffle et de charmants villages \u2013 nous avons compris qu&#8217;il fallait proposer un moyen de transport simple, flexible et adapt\u00e9 aux locaux. Tout le monde n&#8217;avait pas besoin d&#8217;une voiture; beaucoup privil\u00e9giaient la facilit\u00e9 d&#8217;un scooter l\u00e9ger \u2013 et surtout, ils ne voulaient pas des complications. <\/p>\n<p>C\u2019est ainsi qu\u2019est n\u00e9 Terceira Rent-a-Scooter: un petit service familial con\u00e7u pour embrasser l\u2019esprit de nos racines li\u00e9es aux plantations et au glamping, mais appliqu\u00e9 \u00e0 la mobilit\u00e9 insulaire.<\/p>\n\t\t\t\t\t\t\t\t<\/div>\n\t\t\t\t<\/div>\n\t\t\t\t<\/div>\n\t\t\t\t\t<\/div>\n\t\t\t\t<\/div>\n\t\t<div class=\"elementor-element elementor-element-f43b221 e-flex e-con-boxed e-con e-parent\" data-id=\"f43b221\" data-element_type=\"container\" data-e-type=\"container\" data-settings=\"{&quot;background_background&quot;:&quot;classic&quot;}\">\n\t\t\t\t\t<div class=\"e-con-inner\">\n\t\t<div class=\"elementor-element elementor-element-657b01d e-con-full e-flex e-con e-child\" data-id=\"657b01d\" data-element_type=\"container\" data-e-type=\"container\">\n\t\t\t\t<div class=\"elementor-element elementor-element-a9c0285 elementor-hidden-desktop elementor-hidden-tablet elementor-widget elementor-widget-heading\" data-id=\"a9c0285\" data-element_type=\"widget\" data-e-type=\"widget\" data-widget_type=\"heading.default\">\n\t\t\t\t<div class=\"elementor-widget-container\">\n\t\t\t\t\t<h2 class=\"elementor-heading-title elementor-size-default\">Notre vision: Libert\u00e9, nature et esprit insulaire<\/h2>\t\t\t\t<\/div>\n\t\t\t\t<\/div>\n\t\t\t\t<div class=\"elementor-element elementor-element-d2b6cdb elementor-widget elementor-widget-text-editor\" data-id=\"d2b6cdb\" data-element_type=\"widget\" data-e-type=\"widget\" data-widget_type=\"text-editor.default\">\n\t\t\t\t<div class=\"elementor-widget-container\">\n\t\t\t\t\t\t\t\t\t<ul>\n<li>La libert\u00e9 d&#8217;explorer \u2014 \u00e0 l&#8217;image des chemins de nos plantations, Terceira se d\u00e9couvre id\u00e9alement \u00e0 son rythme, \u00e0 deux roues. Louez un scooter et roulez o\u00f9 bon vous semble, quand vous le souhaitez. <\/li>\n<li>Local roots &amp; sustainability \u2014 just like Banana Eco Camp and Coffee Cabana, we believe in respectful tourism: enjoy the island without leaving heavy footprints.<\/li>\n<li>Simplicit\u00e9 et honn\u00eatet\u00e9 \u2014 pas besoin de carte de cr\u00e9dit, pas de frais cach\u00e9s, pas de complications \u2014 juste une ambiance conviviale, un service amical et des scooters fiables.<\/li>\n<li>Une hospitalit\u00e9 authentique \u2014 nous traitons chacun comme un invit\u00e9 de la plantation : avec amabilit\u00e9, accueil et humanit\u00e9.<\/li>\n<\/ul>\n\t\t\t\t\t\t\t\t<\/div>\n\t\t\t\t<\/div>\n\t\t\t\t<div class=\"elementor-element elementor-element-a89548e elementor-widget elementor-widget-heading\" data-id=\"a89548e\" data-element_type=\"widget\" data-e-type=\"widget\" data-widget_type=\"heading.default\">\n\t\t\t\t<div class=\"elementor-widget-container\">\n\t\t\t\t\t<h2 class=\"elementor-heading-title elementor-size-default\">Because it\u2019s More Than Just a Ride<\/h2>\t\t\t\t<\/div>\n\t\t\t\t<\/div>\n\t\t\t\t<\/div>\n\t\t<div class=\"elementor-element elementor-element-259f436 e-con-full e-flex e-con e-child\" data-id=\"259f436\" data-element_type=\"container\" data-e-type=\"container\">\n\t\t\t\t<div class=\"elementor-element elementor-element-fa39858 elementor-hidden-mobile elementor-widget elementor-widget-heading\" data-id=\"fa39858\" data-element_type=\"widget\" data-e-type=\"widget\" data-widget_type=\"heading.default\">\n\t\t\t\t<div class=\"elementor-widget-container\">\n\t\t\t\t\t<h2 class=\"elementor-heading-title elementor-size-default\">Notre vision: Libert\u00e9, nature et esprit insulaire<\/h2>\t\t\t\t<\/div>\n\t\t\t\t<\/div>\n\t\t\t\t<div class=\"elementor-element elementor-element-e3dc466 elementor-widget elementor-widget-image\" data-id=\"e3dc466\" data-element_type=\"widget\" data-e-type=\"widget\" data-widget_type=\"image.default\">\n\t\t\t\t<div class=\"elementor-widget-container\">\n\t\t\t\t\t\t\t\t\t\t\t\t\t\t\t<img decoding=\"async\" width=\"1200\" height=\"675\" src=\"https:\/\/terceirarentascooter.pt\/caxoocka\/2025\/11\/banana-eco-camp-1500x844.webp\" class=\"attachment-large size-large wp-image-2956\" alt=\"\" srcset=\"https:\/\/terceirarentascooter.pt\/caxoocka\/2025\/11\/banana-eco-camp-1500x844.webp 1500w, https:\/\/terceirarentascooter.pt\/caxoocka\/2025\/11\/banana-eco-camp-360x203.webp 360w, https:\/\/terceirarentascooter.pt\/caxoocka\/2025\/11\/banana-eco-camp-840x473.webp 840w, https:\/\/terceirarentascooter.pt\/caxoocka\/2025\/11\/banana-eco-camp-1536x864.webp 1536w, https:\/\/terceirarentascooter.pt\/caxoocka\/2025\/11\/banana-eco-camp-600x338.webp 600w, https:\/\/terceirarentascooter.pt\/caxoocka\/2025\/11\/banana-eco-camp.webp 1920w\" sizes=\"(max-width: 1200px) 100vw, 1200px\" \/>\t\t\t\t\t\t\t\t\t\t\t\t\t\t\t<\/div>\n\t\t\t\t<\/div>\n\t\t\t\t<div class=\"elementor-element elementor-element-6d25e35 elementor-widget elementor-widget-text-editor\" data-id=\"6d25e35\" data-element_type=\"widget\" data-e-type=\"widget\" data-widget_type=\"text-editor.default\">\n\t\t\t\t<div class=\"elementor-widget-container\">\n\t\t\t\t\t\t\t\t\t<p>Pour beaucoup de nos clients, louer un scooter n&#8217;est pas qu&#8217;un simple moyen de transport : c&#8217;est une v\u00e9ritable exp\u00e9rience. Imaginez commencer votre journ\u00e9e par un caf\u00e9 cors\u00e9 et onctueux de chez Coffee Cabana, puis enfourcher votre scooter, casque sur la t\u00eate, cheveux au vent, et partir explorer les falaises, les piscines naturelles, les vignobles ou les plages au coucher du soleil. <\/p>\n<p>At Terceira Rent-a-Scooter you\u2019re not just renting a vehicle. You\u2019re getting a piece of island life, a slice of plantation hospitality, a sense of freedom and discovery. <\/p>\n\t\t\t\t\t\t\t\t<\/div>\n\t\t\t\t<\/div>\n\t\t\t\t<\/div>\n\t\t\t\t\t<\/div>\n\t\t\t\t<\/div>\n\t\t<div class=\"elementor-element elementor-element-2a84eeb e-flex e-con-boxed e-con e-parent\" data-id=\"2a84eeb\" data-element_type=\"container\" data-e-type=\"container\" data-settings=\"{&quot;background_background&quot;:&quot;classic&quot;}\">\n\t\t\t\t\t<div class=\"e-con-inner\">\n\t\t\t\t<div class=\"elementor-element elementor-element-aa6455e elementor-widget elementor-widget-heading\" data-id=\"aa6455e\" data-element_type=\"widget\" data-e-type=\"widget\" data-widget_type=\"heading.default\">\n\t\t\t\t<div class=\"elementor-widget-container\">\n\t\t\t\t\t<h2 class=\"elementor-heading-title elementor-size-default\">Venez rouler avec nous \u2014 Ressentez le c\u0153ur de Terceira<\/h2>\t\t\t\t<\/div>\n\t\t\t\t<\/div>\n\t\t\t\t<div class=\"elementor-element elementor-element-685be93 elementor-widget elementor-widget-text-editor\" data-id=\"685be93\" data-element_type=\"widget\" data-e-type=\"widget\" data-widget_type=\"text-editor.default\">\n\t\t\t\t<div class=\"elementor-widget-container\">\n\t\t\t\t\t\t\t\t\t<p>Que vous s\u00e9journiez au Banana Eco Camp ou ailleurs sur l&#8217;\u00eele:<\/p>\n<ul>\n<li>R\u00e9servez facilement en ligne, aucune carte de cr\u00e9dit requise.<\/li>\n<li>R\u00e9cup\u00e9rez votre scooter \u00e0 Angra do Hero\u00edsmo.<\/li>\n<li>Parcourez l&#8217;\u00eele \u00e0 cheval, d\u00e9couvrez des endroits que la plupart des gens ne voient jamais.<\/li>\n<li>Vous pourriez ensuite faire un d\u00e9tour par Coffee Cabana et savourer un caf\u00e9 cultiv\u00e9 par les m\u00eames mains qui ont contribu\u00e9 \u00e0 donner vie \u00e0 votre v\u00e9hicule.<\/li>\n<\/ul>\n<p style=\"text-align: center;\">Nous sommes ravis de vous faire d\u00e9couvrir Terceira \u2014 d&#8217;une mani\u00e8re d\u00e9tendue, authentique et inoubliable.<\/p>\n<p style=\"text-align: center;\"><strong>Roulez en toute libert\u00e9. Explorez en profondeur. Vivez Terceira.  <\/strong><\/p>\n\t\t\t\t\t\t\t\t<\/div>\n\t\t\t\t<\/div>\n\t\t\t\t<div class=\"elementor-element elementor-element-74ab876 elementor-align-center elementor-widget elementor-widget-button\" data-id=\"74ab876\" data-element_type=\"widget\" data-e-type=\"widget\" data-widget_type=\"button.default\">\n\t\t\t\t<div class=\"elementor-widget-container\">\n\t\t\t\t\t\t\t\t\t<div class=\"elementor-button-wrapper\">\n\t\t\t\t\t<a class=\"elementor-button elementor-button-link elementor-size-sm elementor-animation-skew\" href=\"https:\/\/terceirarentascooter.pt\/fr\/boutique\/\">\n\t\t\t\t\t\t<span class=\"elementor-button-content-wrapper\">\n\t\t\t\t\t\t<span class=\"elementor-button-icon\">\n\t\t\t\t<i aria-hidden=\"true\" class=\"fas fa-map-pin\"><\/i>\t\t\t<\/span>\n\t\t\t\t\t\t\t\t\t<span class=\"elementor-button-text\">R\u00e9servez votre scooter ici<\/span>\n\t\t\t\t\t<\/span>\n\t\t\t\t\t<\/a>\n\t\t\t\t<\/div>\n\t\t\t\t\t\t\t\t<\/div>\n\t\t\t\t<\/div>\n\t\t\t\t\t<\/div>\n\t\t\t\t<\/div>\n\t\t\t\t<\/div>\n\t\t","protected":false},"excerpt":{"rendered":"<p>\u00c0 propos Terceira rent-a-scooter L\u00e0 o\u00f9 les routes insulaires rencontrent les racines des plantations Salut \u2014 je suis Marcelo Mota, fondateur de Terceira Rent-a-Scooter, et j\u2019aimerais partager une petite histoire sur l\u2019origine de ce r\u00eave et son lien avec la nature, la famille \u2014 et le bon caf\u00e9 \u2615. Depuis mon enfance, je suis passionn\u00e9 [&hellip;]<\/p>\n","protected":false},"author":1,"featured_media":0,"parent":0,"menu_order":0,"comment_status":"closed","ping_status":"closed","template":"","meta":{"site-sidebar-layout":"default","site-content-layout":"","ast-site-content-layout":"default","site-content-style":"default","site-sidebar-style":"default","ast-global-header-display":"","ast-banner-title-visibility":"","ast-main-header-display":"","ast-hfb-above-header-display":"","ast-hfb-below-header-display":"","ast-hfb-mobile-header-display":"","site-post-title":"disabled","ast-breadcrumbs-content":"","ast-featured-img":"","footer-sml-layout":"","ast-disable-related-posts":"","theme-transparent-header-meta":"","adv-header-id-meta":"","stick-header-meta":"","header-above-stick-meta":"","header-main-stick-meta":"","header-below-stick-meta":"","astra-migrate-meta-layouts":"default","ast-page-background-enabled":"default","ast-page-background-meta":{"desktop":{"background-color":"var(--ast-global-color-4)","background-image":"","background-repeat":"repeat","background-position":"center center","background-size":"auto","background-attachment":"scroll","background-type":"","background-media":"","overlay-type":"","overlay-color":"","overlay-opacity":"","overlay-gradient":""},"tablet":{"background-color":"","background-image":"","background-repeat":"repeat","background-position":"center center","background-size":"auto","background-attachment":"scroll","background-type":"","background-media":"","overlay-type":"","overlay-color":"","overlay-opacity":"","overlay-gradient":""},"mobile":{"background-color":"","background-image":"","background-repeat":"repeat","background-position":"center center","background-size":"auto","background-attachment":"scroll","background-type":"","background-media":"","overlay-type":"","overlay-color":"","overlay-opacity":"","overlay-gradient":""}},"ast-content-background-meta":{"desktop":{"background-color":"var(--ast-global-color-5)","background-image":"","background-repeat":"repeat","background-position":"center center","background-size":"auto","background-attachment":"scroll","background-type":"","background-media":"","overlay-type":"","overlay-color":"","overlay-opacity":"","overlay-gradient":""},"tablet":{"background-color":"var(--ast-global-color-5)","background-image":"","background-repeat":"repeat","background-position":"center center","background-size":"auto","background-attachment":"scroll","background-type":"","background-media":"","overlay-type":"","overlay-color":"","overlay-opacity":"","overlay-gradient":""},"mobile":{"background-color":"var(--ast-global-color-5)","background-image":"","background-repeat":"repeat","background-position":"center center","background-size":"auto","background-attachment":"scroll","background-type":"","background-media":"","overlay-type":"","overlay-color":"","overlay-opacity":"","overlay-gradient":""}},"footnotes":""},"class_list":["post-3838","page","type-page","status-publish","hentry"],"_links":{"self":[{"href":"https:\/\/terceirarentascooter.pt\/fr\/wp-json\/wp\/v2\/pages\/3838","targetHints":{"allow":["GET"]}}],"collection":[{"href":"https:\/\/terceirarentascooter.pt\/fr\/wp-json\/wp\/v2\/pages"}],"about":[{"href":"https:\/\/terceirarentascooter.pt\/fr\/wp-json\/wp\/v2\/types\/page"}],"author":[{"embeddable":true,"href":"https:\/\/terceirarentascooter.pt\/fr\/wp-json\/wp\/v2\/users\/1"}],"replies":[{"embeddable":true,"href":"https:\/\/terceirarentascooter.pt\/fr\/wp-json\/wp\/v2\/comments?post=3838"}],"version-history":[{"count":0,"href":"https:\/\/terceirarentascooter.pt\/fr\/wp-json\/wp\/v2\/pages\/3838\/revisions"}],"wp:attachment":[{"href":"https:\/\/terceirarentascooter.pt\/fr\/wp-json\/wp\/v2\/media?parent=3838"}],"curies":[{"name":"wp","href":"https:\/\/api.w.org\/{rel}","templated":true}]}}