{"id":3802,"date":"2019-06-18T12:34:48","date_gmt":"2019-06-18T12:34:48","guid":{"rendered":"https:\/\/terceirarentascooter.pt\/acerca-de\/"},"modified":"2026-03-03T23:35:54","modified_gmt":"2026-03-03T23:35:54","slug":"acerca-de","status":"publish","type":"page","link":"https:\/\/terceirarentascooter.pt\/es\/acerca-de\/","title":{"rendered":"Acerca de"},"content":{"rendered":"\t\t<div data-elementor-type=\"wp-page\" data-elementor-id=\"3802\" class=\"elementor elementor-3802 elementor-95\" data-elementor-post-type=\"page\">\n\t\t\t\t<div class=\"elementor-element elementor-element-a3417f5 e-flex e-con-boxed e-con e-parent\" data-id=\"a3417f5\" data-element_type=\"container\" data-e-type=\"container\" data-settings=\"{&quot;background_background&quot;:&quot;classic&quot;}\">\n\t\t\t\t\t<div class=\"e-con-inner\">\n\t\t\t\t<div class=\"elementor-element elementor-element-8494139 elementor-widget__width-initial elementor-widget elementor-widget-heading\" data-id=\"8494139\" data-element_type=\"widget\" data-e-type=\"widget\" data-widget_type=\"heading.default\">\n\t\t\t\t<div class=\"elementor-widget-container\">\n\t\t\t\t\t<h2 class=\"elementor-heading-title elementor-size-default\">Acerca de Terceira rent-a-scooter<\/h2>\t\t\t\t<\/div>\n\t\t\t\t<\/div>\n\t\t\t\t\t<\/div>\n\t\t\t\t<\/div>\n\t\t<div class=\"elementor-element elementor-element-39d7456 e-flex e-con-boxed e-con e-parent\" data-id=\"39d7456\" data-element_type=\"container\" data-e-type=\"container\" data-settings=\"{&quot;background_background&quot;:&quot;classic&quot;}\">\n\t\t\t\t\t<div class=\"e-con-inner\">\n\t\t<div class=\"elementor-element elementor-element-220e24b e-con-full e-flex e-con e-child\" data-id=\"220e24b\" data-element_type=\"container\" data-e-type=\"container\">\n\t\t\t\t<div class=\"elementor-element elementor-element-02532cc elementor-widget elementor-widget-heading\" data-id=\"02532cc\" data-element_type=\"widget\" data-e-type=\"widget\" data-widget_type=\"heading.default\">\n\t\t\t\t<div class=\"elementor-widget-container\">\n\t\t\t\t\t<h2 class=\"elementor-heading-title elementor-size-default\">Donde los caminos de las islas se encuentran con las ra\u00edces de las plantaciones<\/h2>\t\t\t\t<\/div>\n\t\t\t\t<\/div>\n\t\t\t\t<div class=\"elementor-element elementor-element-ed18877 elementor-widget elementor-widget-text-editor\" data-id=\"ed18877\" data-element_type=\"widget\" data-e-type=\"widget\" data-widget_type=\"text-editor.default\">\n\t\t\t\t<div class=\"elementor-widget-container\">\n\t\t\t\t\t\t\t\t\t<p>Hola, soy Marcelo Mota, fundador de Terceira Rent-a-Scooter, y me gustar\u00eda compartir una peque\u00f1a historia sobre c\u00f3mo comenz\u00f3 este sue\u00f1o y c\u00f3mo est\u00e1 conectado con la naturaleza, la familia y el buen caf\u00e9 \u2615.<\/p>\n<p>Desde ni\u00f1o, me han encantado las motos. De adolescente, incluso practiqu\u00e9 motocross y obtuve mi licencia a los 14 a\u00f1os. Conducir siempre me ha dado libertad, movilidad y una forma de conectar con el entorno. Esa sensaci\u00f3n nunca me abandon\u00f3.  <\/p>\n<p>Hace a\u00f1os, mi familia y yo empezamos a gestionar Banana Eco Camp, un refugio estilo glamping enclavado en una plantaci\u00f3n tropical org\u00e1nica en Terceira. Nuestra tierra produce pl\u00e1tanos, pero tambi\u00e9n frutas ex\u00f3ticas y un producto local muy apreciado: el caf\u00e9. Cultivamos, cosechamos, tostamos y servimos nuestro propio caf\u00e9 org\u00e1nico en Coffee Cabana, invitando a los viajeros a disfrutar de una aut\u00e9ntica experiencia de la finca a la taza.  <\/p>\n\t\t\t\t\t\t\t\t<\/div>\n\t\t\t\t<\/div>\n\t\t\t\t<\/div>\n\t\t<div class=\"elementor-element elementor-element-bdd4344 e-con-full e-flex e-con e-child\" data-id=\"bdd4344\" data-element_type=\"container\" data-e-type=\"container\">\n\t\t\t\t<div class=\"elementor-element elementor-element-73faf4f elementor-widget elementor-widget-image\" data-id=\"73faf4f\" data-element_type=\"widget\" data-e-type=\"widget\" data-widget_type=\"image.default\">\n\t\t\t\t<div class=\"elementor-widget-container\">\n\t\t\t\t\t\t\t\t\t\t\t\t\t\t\t<img fetchpriority=\"high\" decoding=\"async\" width=\"1200\" height=\"947\" src=\"https:\/\/terceirarentascooter.pt\/caxoocka\/2025\/11\/marcel-family.webp\" class=\"attachment-large size-large wp-image-2947\" alt=\"\" srcset=\"https:\/\/terceirarentascooter.pt\/caxoocka\/2025\/11\/marcel-family.webp 1200w, https:\/\/terceirarentascooter.pt\/caxoocka\/2025\/11\/marcel-family-360x284.webp 360w, https:\/\/terceirarentascooter.pt\/caxoocka\/2025\/11\/marcel-family-840x663.webp 840w, https:\/\/terceirarentascooter.pt\/caxoocka\/2025\/11\/marcel-family-600x474.webp 600w\" sizes=\"(max-width: 1200px) 100vw, 1200px\" \/>\t\t\t\t\t\t\t\t\t\t\t\t\t\t\t<\/div>\n\t\t\t\t<\/div>\n\t\t\t\t<div class=\"elementor-element elementor-element-8f88f19 elementor-widget elementor-widget-text-editor\" data-id=\"8f88f19\" data-element_type=\"widget\" data-e-type=\"widget\" data-widget_type=\"text-editor.default\">\n\t\t\t\t<div class=\"elementor-widget-container\">\n\t\t\t\t\t\t\t\t\t<p>Cuando vimos cu\u00e1ntos hu\u00e9spedes quer\u00edan explorar la isla m\u00e1s all\u00e1 del campamento \u2014para descubrir playas escondidas, cuevas volc\u00e1nicas, miradores espectaculares y pueblos con encanto\u2014 nos dimos cuenta de que necesit\u00e1bamos una forma sencilla, flexible y local de desplazarse. No todos necesitaban coche; muchos quer\u00edan la comodidad de una moto ligera, y desde luego, no quer\u00edan complicaciones. <\/p>\n<p>Fue entonces cuando naci\u00f3 Terceira Rent-a-Scooter: un peque\u00f1o servicio familiar dise\u00f1ado para abrazar el esp\u00edritu de nuestras ra\u00edces de plantaci\u00f3n y glamping, pero aplicado a la movilidad isle\u00f1a.<\/p>\n\t\t\t\t\t\t\t\t<\/div>\n\t\t\t\t<\/div>\n\t\t\t\t<\/div>\n\t\t\t\t\t<\/div>\n\t\t\t\t<\/div>\n\t\t<div class=\"elementor-element elementor-element-f43b221 e-flex e-con-boxed e-con e-parent\" data-id=\"f43b221\" data-element_type=\"container\" data-e-type=\"container\" data-settings=\"{&quot;background_background&quot;:&quot;classic&quot;}\">\n\t\t\t\t\t<div class=\"e-con-inner\">\n\t\t<div class=\"elementor-element elementor-element-657b01d e-con-full e-flex e-con e-child\" data-id=\"657b01d\" data-element_type=\"container\" data-e-type=\"container\">\n\t\t\t\t<div class=\"elementor-element elementor-element-a9c0285 elementor-hidden-desktop elementor-hidden-tablet elementor-widget elementor-widget-heading\" data-id=\"a9c0285\" data-element_type=\"widget\" data-e-type=\"widget\" data-widget_type=\"heading.default\">\n\t\t\t\t<div class=\"elementor-widget-container\">\n\t\t\t\t\t<h2 class=\"elementor-heading-title elementor-size-default\">Nuestra visi\u00f3n: Libertad, naturaleza y esp\u00edritu isle\u00f1o<\/h2>\t\t\t\t<\/div>\n\t\t\t\t<\/div>\n\t\t\t\t<div class=\"elementor-element elementor-element-d2b6cdb elementor-widget elementor-widget-text-editor\" data-id=\"d2b6cdb\" data-element_type=\"widget\" data-e-type=\"widget\" data-widget_type=\"text-editor.default\">\n\t\t\t\t<div class=\"elementor-widget-container\">\n\t\t\t\t\t\t\t\t\t<ul>\n<li>Libertad para explorar: al igual que los caminos de nuestras plantaciones, Terceira se disfruta mejor despacio, sobre dos ruedas. Rent-a-Scooter te da las llaves para que viajes a donde quieras, cuando quieras. <\/li>\n<li>Ra\u00edces locales y sostenibilidad: al igual que Banana Eco Camp y Coffee Cabana, creemos en el turismo respetuoso: disfrutar de la isla sin dejar huellas pesadas.<\/li>\n<li>Sencillez y honestidad: no se necesita tarjeta de cr\u00e9dito, no hay cargos ocultos, no hay problemas, solo buen rollo, servicio amable y scooters confiables.<\/li>\n<li>Hospitalidad genuina: tratamos a cada persona como un hu\u00e9sped de la plantaci\u00f3n: amigable, acogedor y humano.<\/li>\n<\/ul>\n\t\t\t\t\t\t\t\t<\/div>\n\t\t\t\t<\/div>\n\t\t\t\t<div class=\"elementor-element elementor-element-a89548e elementor-widget elementor-widget-heading\" data-id=\"a89548e\" data-element_type=\"widget\" data-e-type=\"widget\" data-widget_type=\"heading.default\">\n\t\t\t\t<div class=\"elementor-widget-container\">\n\t\t\t\t\t<h2 class=\"elementor-heading-title elementor-size-default\">Porque es m\u00e1s que un simple viaje<\/h2>\t\t\t\t<\/div>\n\t\t\t\t<\/div>\n\t\t\t\t<\/div>\n\t\t<div class=\"elementor-element elementor-element-259f436 e-con-full e-flex e-con e-child\" data-id=\"259f436\" data-element_type=\"container\" data-e-type=\"container\">\n\t\t\t\t<div class=\"elementor-element elementor-element-fa39858 elementor-hidden-mobile elementor-widget elementor-widget-heading\" data-id=\"fa39858\" data-element_type=\"widget\" data-e-type=\"widget\" data-widget_type=\"heading.default\">\n\t\t\t\t<div class=\"elementor-widget-container\">\n\t\t\t\t\t<h2 class=\"elementor-heading-title elementor-size-default\">Nuestra visi\u00f3n: Libertad, naturaleza y esp\u00edritu isle\u00f1o<\/h2>\t\t\t\t<\/div>\n\t\t\t\t<\/div>\n\t\t\t\t<div class=\"elementor-element elementor-element-e3dc466 elementor-widget elementor-widget-image\" data-id=\"e3dc466\" data-element_type=\"widget\" data-e-type=\"widget\" data-widget_type=\"image.default\">\n\t\t\t\t<div class=\"elementor-widget-container\">\n\t\t\t\t\t\t\t\t\t\t\t\t\t\t\t<img decoding=\"async\" width=\"1200\" height=\"675\" src=\"https:\/\/terceirarentascooter.pt\/caxoocka\/2025\/11\/banana-eco-camp-1500x844.webp\" class=\"attachment-large size-large wp-image-2958\" alt=\"\" srcset=\"https:\/\/terceirarentascooter.pt\/caxoocka\/2025\/11\/banana-eco-camp-1500x844.webp 1500w, https:\/\/terceirarentascooter.pt\/caxoocka\/2025\/11\/banana-eco-camp-360x203.webp 360w, https:\/\/terceirarentascooter.pt\/caxoocka\/2025\/11\/banana-eco-camp-840x473.webp 840w, https:\/\/terceirarentascooter.pt\/caxoocka\/2025\/11\/banana-eco-camp-1536x864.webp 1536w, https:\/\/terceirarentascooter.pt\/caxoocka\/2025\/11\/banana-eco-camp-600x338.webp 600w, https:\/\/terceirarentascooter.pt\/caxoocka\/2025\/11\/banana-eco-camp.webp 1920w\" sizes=\"(max-width: 1200px) 100vw, 1200px\" \/>\t\t\t\t\t\t\t\t\t\t\t\t\t\t\t<\/div>\n\t\t\t\t<\/div>\n\t\t\t\t<div class=\"elementor-element elementor-element-6d25e35 elementor-widget elementor-widget-text-editor\" data-id=\"6d25e35\" data-element_type=\"widget\" data-e-type=\"widget\" data-widget_type=\"text-editor.default\">\n\t\t\t\t<div class=\"elementor-widget-container\">\n\t\t\t\t\t\t\t\t\t<p>Para muchos de nuestros hu\u00e9spedes, alquilar una moto no es solo transporte, sino parte de la experiencia. Imagina empezar la ma\u00f1ana con un caf\u00e9 Coffee Cabana bien cargado y suave, subirte a tu moto, con el casco puesto y el viento en el pelo, y salir a explorar acantilados, piscinas naturales, vi\u00f1edos o playas al atardecer. <\/p>\n<p>En Terceira Rent-a-Scooter no solo alquilas un veh\u00edculo. Disfrutar\u00e1s de la vida isle\u00f1a, de la hospitalidad de una plantaci\u00f3n y de una sensaci\u00f3n de libertad y descubrimiento. <\/p>\n\t\t\t\t\t\t\t\t<\/div>\n\t\t\t\t<\/div>\n\t\t\t\t<\/div>\n\t\t\t\t\t<\/div>\n\t\t\t\t<\/div>\n\t\t<div class=\"elementor-element elementor-element-2a84eeb e-flex e-con-boxed e-con e-parent\" data-id=\"2a84eeb\" data-element_type=\"container\" data-e-type=\"container\" data-settings=\"{&quot;background_background&quot;:&quot;classic&quot;}\">\n\t\t\t\t\t<div class=\"e-con-inner\">\n\t\t\t\t<div class=\"elementor-element elementor-element-aa6455e elementor-widget elementor-widget-heading\" data-id=\"aa6455e\" data-element_type=\"widget\" data-e-type=\"widget\" data-widget_type=\"heading.default\">\n\t\t\t\t<div class=\"elementor-widget-container\">\n\t\t\t\t\t<h2 class=\"elementor-heading-title elementor-size-default\">Ven a pasear con nosotros: siente el latido de Terceira<\/h2>\t\t\t\t<\/div>\n\t\t\t\t<\/div>\n\t\t\t\t<div class=\"elementor-element elementor-element-685be93 elementor-widget elementor-widget-text-editor\" data-id=\"685be93\" data-element_type=\"widget\" data-e-type=\"widget\" data-widget_type=\"text-editor.default\">\n\t\t\t\t<div class=\"elementor-widget-container\">\n\t\t\t\t\t\t\t\t\t<p>Ya sea que te alojes en Banana Eco Camp o en cualquier otro lugar de la isla:<\/p>\n<ul>\n<li>Reserva f\u00e1cilmente en l\u00ednea, no requiere tarjeta de cr\u00e9dito.<\/li>\n<li>Recoge tu scooter en Angra do Hero\u00edsmo.<\/li>\n<li>Recorre la isla y descubre lugares que la mayor\u00eda nunca ve.<\/li>\n<li>Tal vez pase por Coffee Cabana despu\u00e9s y disfrute de un caf\u00e9 cultivado por las mismas manos que ayudaron a darle vida a su viaje.<\/li>\n<\/ul>\n<p style=\"text-align: center;\">Estamos emocionados de compartir Terceira contigo, de una manera relajada, real e inolvidable.<\/p>\n<p style=\"text-align: center;\"><strong>Conduce con libertad. Explora a fondo. Vive Terceira.  <\/strong><\/p>\n\t\t\t\t\t\t\t\t<\/div>\n\t\t\t\t<\/div>\n\t\t\t\t<div class=\"elementor-element elementor-element-74ab876 elementor-align-center elementor-widget elementor-widget-button\" data-id=\"74ab876\" data-element_type=\"widget\" data-e-type=\"widget\" data-widget_type=\"button.default\">\n\t\t\t\t<div class=\"elementor-widget-container\">\n\t\t\t\t\t\t\t\t\t<div class=\"elementor-button-wrapper\">\n\t\t\t\t\t<a class=\"elementor-button elementor-button-link elementor-size-sm elementor-animation-skew\" href=\"https:\/\/terceirarentascooter.pt\/es\/tienda\/\">\n\t\t\t\t\t\t<span class=\"elementor-button-content-wrapper\">\n\t\t\t\t\t\t<span class=\"elementor-button-icon\">\n\t\t\t\t<i aria-hidden=\"true\" class=\"fas fa-map-pin\"><\/i>\t\t\t<\/span>\n\t\t\t\t\t\t\t\t\t<span class=\"elementor-button-text\">Reserva tu scooter aqu\u00ed<\/span>\n\t\t\t\t\t<\/span>\n\t\t\t\t\t<\/a>\n\t\t\t\t<\/div>\n\t\t\t\t\t\t\t\t<\/div>\n\t\t\t\t<\/div>\n\t\t\t\t\t<\/div>\n\t\t\t\t<\/div>\n\t\t\t\t<\/div>\n\t\t","protected":false},"excerpt":{"rendered":"<p>Acerca de Terceira rent-a-scooter Donde los caminos de las islas se encuentran con las ra\u00edces de las plantaciones Hola, soy Marcelo Mota, fundador de Terceira Rent-a-Scooter, y me gustar\u00eda compartir una peque\u00f1a historia sobre c\u00f3mo comenz\u00f3 este sue\u00f1o y c\u00f3mo est\u00e1 conectado con la naturaleza, la familia y el buen caf\u00e9 \u2615. Desde ni\u00f1o, me [&hellip;]<\/p>\n","protected":false},"author":1,"featured_media":0,"parent":0,"menu_order":0,"comment_status":"closed","ping_status":"closed","template":"","meta":{"site-sidebar-layout":"default","site-content-layout":"","ast-site-content-layout":"default","site-content-style":"default","site-sidebar-style":"default","ast-global-header-display":"","ast-banner-title-visibility":"","ast-main-header-display":"","ast-hfb-above-header-display":"","ast-hfb-below-header-display":"","ast-hfb-mobile-header-display":"","site-post-title":"disabled","ast-breadcrumbs-content":"","ast-featured-img":"","footer-sml-layout":"","ast-disable-related-posts":"","theme-transparent-header-meta":"","adv-header-id-meta":"","stick-header-meta":"","header-above-stick-meta":"","header-main-stick-meta":"","header-below-stick-meta":"","astra-migrate-meta-layouts":"default","ast-page-background-enabled":"default","ast-page-background-meta":{"desktop":{"background-color":"var(--ast-global-color-4)","background-image":"","background-repeat":"repeat","background-position":"center center","background-size":"auto","background-attachment":"scroll","background-type":"","background-media":"","overlay-type":"","overlay-color":"","overlay-opacity":"","overlay-gradient":""},"tablet":{"background-color":"","background-image":"","background-repeat":"repeat","background-position":"center center","background-size":"auto","background-attachment":"scroll","background-type":"","background-media":"","overlay-type":"","overlay-color":"","overlay-opacity":"","overlay-gradient":""},"mobile":{"background-color":"","background-image":"","background-repeat":"repeat","background-position":"center center","background-size":"auto","background-attachment":"scroll","background-type":"","background-media":"","overlay-type":"","overlay-color":"","overlay-opacity":"","overlay-gradient":""}},"ast-content-background-meta":{"desktop":{"background-color":"var(--ast-global-color-5)","background-image":"","background-repeat":"repeat","background-position":"center center","background-size":"auto","background-attachment":"scroll","background-type":"","background-media":"","overlay-type":"","overlay-color":"","overlay-opacity":"","overlay-gradient":""},"tablet":{"background-color":"var(--ast-global-color-5)","background-image":"","background-repeat":"repeat","background-position":"center center","background-size":"auto","background-attachment":"scroll","background-type":"","background-media":"","overlay-type":"","overlay-color":"","overlay-opacity":"","overlay-gradient":""},"mobile":{"background-color":"var(--ast-global-color-5)","background-image":"","background-repeat":"repeat","background-position":"center center","background-size":"auto","background-attachment":"scroll","background-type":"","background-media":"","overlay-type":"","overlay-color":"","overlay-opacity":"","overlay-gradient":""}},"footnotes":""},"class_list":["post-3802","page","type-page","status-publish","hentry"],"_links":{"self":[{"href":"https:\/\/terceirarentascooter.pt\/es\/wp-json\/wp\/v2\/pages\/3802","targetHints":{"allow":["GET"]}}],"collection":[{"href":"https:\/\/terceirarentascooter.pt\/es\/wp-json\/wp\/v2\/pages"}],"about":[{"href":"https:\/\/terceirarentascooter.pt\/es\/wp-json\/wp\/v2\/types\/page"}],"author":[{"embeddable":true,"href":"https:\/\/terceirarentascooter.pt\/es\/wp-json\/wp\/v2\/users\/1"}],"replies":[{"embeddable":true,"href":"https:\/\/terceirarentascooter.pt\/es\/wp-json\/wp\/v2\/comments?post=3802"}],"version-history":[{"count":0,"href":"https:\/\/terceirarentascooter.pt\/es\/wp-json\/wp\/v2\/pages\/3802\/revisions"}],"wp:attachment":[{"href":"https:\/\/terceirarentascooter.pt\/es\/wp-json\/wp\/v2\/media?parent=3802"}],"curies":[{"name":"wp","href":"https:\/\/api.w.org\/{rel}","templated":true}]}}