{"id":3850,"date":"2019-06-18T12:34:48","date_gmt":"2019-06-18T12:34:48","guid":{"rendered":"https:\/\/terceirarentascooter.pt\/ueber-uns\/"},"modified":"2026-03-03T23:35:30","modified_gmt":"2026-03-03T23:35:30","slug":"ueber-uns","status":"publish","type":"page","link":"https:\/\/terceirarentascooter.pt\/de\/ueber-uns\/","title":{"rendered":"\u00dcber uns"},"content":{"rendered":"\t\t<div data-elementor-type=\"wp-page\" data-elementor-id=\"3850\" class=\"elementor elementor-3850 elementor-95\" data-elementor-post-type=\"page\">\n\t\t\t\t<div class=\"elementor-element elementor-element-a3417f5 e-flex e-con-boxed e-con e-parent\" data-id=\"a3417f5\" data-element_type=\"container\" data-e-type=\"container\" data-settings=\"{&quot;background_background&quot;:&quot;classic&quot;}\">\n\t\t\t\t\t<div class=\"e-con-inner\">\n\t\t\t\t<div class=\"elementor-element elementor-element-8494139 elementor-widget__width-initial elementor-widget elementor-widget-heading\" data-id=\"8494139\" data-element_type=\"widget\" data-e-type=\"widget\" data-widget_type=\"heading.default\">\n\t\t\t\t<div class=\"elementor-widget-container\">\n\t\t\t\t\t<h2 class=\"elementor-heading-title elementor-size-default\">\u00dcber Terceira rent-a-scooter<\/h2>\t\t\t\t<\/div>\n\t\t\t\t<\/div>\n\t\t\t\t\t<\/div>\n\t\t\t\t<\/div>\n\t\t<div class=\"elementor-element elementor-element-39d7456 e-flex e-con-boxed e-con e-parent\" data-id=\"39d7456\" data-element_type=\"container\" data-e-type=\"container\" data-settings=\"{&quot;background_background&quot;:&quot;classic&quot;}\">\n\t\t\t\t\t<div class=\"e-con-inner\">\n\t\t<div class=\"elementor-element elementor-element-220e24b e-con-full e-flex e-con e-child\" data-id=\"220e24b\" data-element_type=\"container\" data-e-type=\"container\">\n\t\t\t\t<div class=\"elementor-element elementor-element-02532cc elementor-widget elementor-widget-heading\" data-id=\"02532cc\" data-element_type=\"widget\" data-e-type=\"widget\" data-widget_type=\"heading.default\">\n\t\t\t\t<div class=\"elementor-widget-container\">\n\t\t\t\t\t<h2 class=\"elementor-heading-title elementor-size-default\">Wo Inselstra\u00dfen auf Plantagenwurzeln treffen<\/h2>\t\t\t\t<\/div>\n\t\t\t\t<\/div>\n\t\t\t\t<div class=\"elementor-element elementor-element-ed18877 elementor-widget elementor-widget-text-editor\" data-id=\"ed18877\" data-element_type=\"widget\" data-e-type=\"widget\" data-widget_type=\"text-editor.default\">\n\t\t\t\t<div class=\"elementor-widget-container\">\n\t\t\t\t\t\t\t\t\t<p>Hallo \u2013 ich bin Marcelo Mota, Gr\u00fcnder von Terceira Rent-a-Scooter, und ich m\u00f6chte Ihnen eine kleine Geschichte dar\u00fcber erz\u00e4hlen, wie dieser Traum begann und wie er mit Natur, Familie \u2013 und gutem Kaffee \u2615 \u2013 verbunden ist.<\/p>\n<p>Schon als Kind liebte ich Motorr\u00e4der. Als Teenager fuhr ich sogar Motocross und machte mit 14 meinen F\u00fchrerschein \u2013 Motorradfahren bedeutete f\u00fcr mich immer Freiheit, Mobilit\u00e4t und eine Verbindung zur Natur. Dieses Gef\u00fchl ist mir bis heute geblieben.  <\/p>\n<p>Vor Jahren gr\u00fcndeten meine Familie und ich das Banana Eco Camp, ein Glamping-Refugium inmitten einer tropischen Bio-Plantage auf Terceira. Auf unserem Land wachsen Bananen \u2013 aber auch exotische Fr\u00fcchte und ein beliebtes lokales Produkt: Kaffee. Wir bauen unseren eigenen Bio-Kaffee an, ernten ihn, r\u00f6sten ihn und servieren ihn in der Coffee Cabana. Reisende k\u00f6nnen hier ein authentisches \u201eVom-Feld-in-die-Tasse\u201c-Erlebnis genie\u00dfen.  <\/p>\n\t\t\t\t\t\t\t\t<\/div>\n\t\t\t\t<\/div>\n\t\t\t\t<\/div>\n\t\t<div class=\"elementor-element elementor-element-bdd4344 e-con-full e-flex e-con e-child\" data-id=\"bdd4344\" data-element_type=\"container\" data-e-type=\"container\">\n\t\t\t\t<div class=\"elementor-element elementor-element-73faf4f elementor-widget elementor-widget-image\" data-id=\"73faf4f\" data-element_type=\"widget\" data-e-type=\"widget\" data-widget_type=\"image.default\">\n\t\t\t\t<div class=\"elementor-widget-container\">\n\t\t\t\t\t\t\t\t\t\t\t\t\t\t\t<img fetchpriority=\"high\" decoding=\"async\" width=\"1200\" height=\"947\" src=\"https:\/\/terceirarentascooter.pt\/caxoocka\/2025\/11\/marcel-family.webp\" class=\"attachment-large size-large wp-image-3775\" alt=\"\" srcset=\"https:\/\/terceirarentascooter.pt\/caxoocka\/2025\/11\/marcel-family.webp 1200w, https:\/\/terceirarentascooter.pt\/caxoocka\/2025\/11\/marcel-family-360x284.webp 360w, https:\/\/terceirarentascooter.pt\/caxoocka\/2025\/11\/marcel-family-840x663.webp 840w, https:\/\/terceirarentascooter.pt\/caxoocka\/2025\/11\/marcel-family-600x474.webp 600w\" sizes=\"(max-width: 1200px) 100vw, 1200px\" \/>\t\t\t\t\t\t\t\t\t\t\t\t\t\t\t<\/div>\n\t\t\t\t<\/div>\n\t\t\t\t<div class=\"elementor-element elementor-element-8f88f19 elementor-widget elementor-widget-text-editor\" data-id=\"8f88f19\" data-element_type=\"widget\" data-e-type=\"widget\" data-widget_type=\"text-editor.default\">\n\t\t\t\t<div class=\"elementor-widget-container\">\n\t\t\t\t\t\t\t\t\t<p>Als wir sahen, wie viele G\u00e4ste die Insel jenseits des Camps erkunden wollten \u2013 versteckte Str\u00e4nde, Vulkanh\u00f6hlen, atemberaubende Aussichtspunkte und charmante D\u00f6rfer entdecken \u2013, wurde uns klar, dass es Bedarf an einer einfachen, flexiblen und lokalen Fortbewegungsm\u00f6glichkeit gab. Nicht jeder brauchte ein Auto; viele w\u00fcnschten sich die Unkompliziertheit eines leichten Rollers \u2013 und wollten sich den damit verbundenen Aufwand ersparen. <\/p>\n<p>So entstand Terceira Rent-a-Scooter: ein kleiner, familiengef\u00fchrter Service, der den Geist unserer Plantagen- und Glamping-Wurzeln aufgreift \u2013 angewendet auf die Mobilit\u00e4t auf der Insel.<\/p>\n\t\t\t\t\t\t\t\t<\/div>\n\t\t\t\t<\/div>\n\t\t\t\t<\/div>\n\t\t\t\t\t<\/div>\n\t\t\t\t<\/div>\n\t\t<div class=\"elementor-element elementor-element-f43b221 e-flex e-con-boxed e-con e-parent\" data-id=\"f43b221\" data-element_type=\"container\" data-e-type=\"container\" data-settings=\"{&quot;background_background&quot;:&quot;classic&quot;}\">\n\t\t\t\t\t<div class=\"e-con-inner\">\n\t\t<div class=\"elementor-element elementor-element-657b01d e-con-full e-flex e-con e-child\" data-id=\"657b01d\" data-element_type=\"container\" data-e-type=\"container\">\n\t\t\t\t<div class=\"elementor-element elementor-element-a9c0285 elementor-hidden-desktop elementor-hidden-tablet elementor-widget elementor-widget-heading\" data-id=\"a9c0285\" data-element_type=\"widget\" data-e-type=\"widget\" data-widget_type=\"heading.default\">\n\t\t\t\t<div class=\"elementor-widget-container\">\n\t\t\t\t\t<h2 class=\"elementor-heading-title elementor-size-default\">Unsere Vision: Freiheit, Natur &amp; Inselgeist<\/h2>\t\t\t\t<\/div>\n\t\t\t\t<\/div>\n\t\t\t\t<div class=\"elementor-element elementor-element-d2b6cdb elementor-widget elementor-widget-text-editor\" data-id=\"d2b6cdb\" data-element_type=\"widget\" data-e-type=\"widget\" data-widget_type=\"text-editor.default\">\n\t\t\t\t<div class=\"elementor-widget-container\">\n\t\t\t\t\t\t\t\t\t<ul>\n<li>Die Freiheit, Neues zu entdecken \u2013 genau wie unsere Plantagenstra\u00dfen l\u00e4sst sich Terceira am besten gem\u00e4chlich auf zwei R\u00e4dern erkunden. Mit Rent-a-Scooter sind Sie flexibel und k\u00f6nnen fahren, wohin und wann Sie wollen. <\/li>\n<li>Lokale Wurzeln &amp; Nachhaltigkeit \u2013 genau wie Banana Eco Camp und Coffee Cabana setzen wir auf respektvollen Tourismus: Genie\u00dfen Sie die Insel, ohne schwere Spuren zu hinterlassen.<\/li>\n<li>Einfachheit und Ehrlichkeit \u2013 keine Kreditkarte n\u00f6tig, keine versteckten Geb\u00fchren, kein Aufwand \u2013 einfach gute Stimmung, freundlicher Service und zuverl\u00e4ssige Roller.<\/li>\n<li>Echte Gastfreundschaft \u2013 wir behandeln jeden wie einen Gast der Plantage: freundlich, einladend und menschlich.<\/li>\n<\/ul>\n\t\t\t\t\t\t\t\t<\/div>\n\t\t\t\t<\/div>\n\t\t\t\t<div class=\"elementor-element elementor-element-a89548e elementor-widget elementor-widget-heading\" data-id=\"a89548e\" data-element_type=\"widget\" data-e-type=\"widget\" data-widget_type=\"heading.default\">\n\t\t\t\t<div class=\"elementor-widget-container\">\n\t\t\t\t\t<h2 class=\"elementor-heading-title elementor-size-default\">Denn es ist mehr als nur eine Fahrt<\/h2>\t\t\t\t<\/div>\n\t\t\t\t<\/div>\n\t\t\t\t<\/div>\n\t\t<div class=\"elementor-element elementor-element-259f436 e-con-full e-flex e-con e-child\" data-id=\"259f436\" data-element_type=\"container\" data-e-type=\"container\">\n\t\t\t\t<div class=\"elementor-element elementor-element-fa39858 elementor-hidden-mobile elementor-widget elementor-widget-heading\" data-id=\"fa39858\" data-element_type=\"widget\" data-e-type=\"widget\" data-widget_type=\"heading.default\">\n\t\t\t\t<div class=\"elementor-widget-container\">\n\t\t\t\t\t<h2 class=\"elementor-heading-title elementor-size-default\">Our Vision: Freedom, Nature &amp; Island Spirit<\/h2>\t\t\t\t<\/div>\n\t\t\t\t<\/div>\n\t\t\t\t<div class=\"elementor-element elementor-element-e3dc466 elementor-widget elementor-widget-image\" data-id=\"e3dc466\" data-element_type=\"widget\" data-e-type=\"widget\" data-widget_type=\"image.default\">\n\t\t\t\t<div class=\"elementor-widget-container\">\n\t\t\t\t\t\t\t\t\t\t\t\t\t\t\t<img decoding=\"async\" width=\"1200\" height=\"675\" src=\"https:\/\/terceirarentascooter.pt\/caxoocka\/2025\/11\/banana-eco-camp-1500x844.webp\" class=\"attachment-large size-large wp-image-3777\" alt=\"\" srcset=\"https:\/\/terceirarentascooter.pt\/caxoocka\/2025\/11\/banana-eco-camp-1500x844.webp 1500w, https:\/\/terceirarentascooter.pt\/caxoocka\/2025\/11\/banana-eco-camp-360x203.webp 360w, https:\/\/terceirarentascooter.pt\/caxoocka\/2025\/11\/banana-eco-camp-840x473.webp 840w, https:\/\/terceirarentascooter.pt\/caxoocka\/2025\/11\/banana-eco-camp-1536x864.webp 1536w, https:\/\/terceirarentascooter.pt\/caxoocka\/2025\/11\/banana-eco-camp-600x338.webp 600w, https:\/\/terceirarentascooter.pt\/caxoocka\/2025\/11\/banana-eco-camp.webp 1920w\" sizes=\"(max-width: 1200px) 100vw, 1200px\" \/>\t\t\t\t\t\t\t\t\t\t\t\t\t\t\t<\/div>\n\t\t\t\t<\/div>\n\t\t\t\t<div class=\"elementor-element elementor-element-6d25e35 elementor-widget elementor-widget-text-editor\" data-id=\"6d25e35\" data-element_type=\"widget\" data-e-type=\"widget\" data-widget_type=\"text-editor.default\">\n\t\t\t\t<div class=\"elementor-widget-container\">\n\t\t\t\t\t\t\t\t\t<p>F\u00fcr viele unserer G\u00e4ste ist das Mieten eines Rollers mehr als nur ein Transportmittel \u2013 es ist Teil des Erlebnisses. Stellen Sie sich vor, Sie beginnen Ihren Morgen mit einer kr\u00e4ftigen Tasse Kaffee von Coffee Cabana, schwingen sich dann auf Ihren Roller, setzen den Helm auf, sp\u00fcren den Wind in den Haaren und erkunden die Klippenlandschaft, nat\u00fcrliche Pools, Weinberge oder Str\u00e4nde, die den Sonnenuntergang bieten. <\/p>\n<p>At Terceira Rent-a-Scooter you\u2019re not just renting a vehicle. You\u2019re getting a piece of island life, a slice of plantation hospitality, a sense of freedom and discovery. <\/p>\n\t\t\t\t\t\t\t\t<\/div>\n\t\t\t\t<\/div>\n\t\t\t\t<\/div>\n\t\t\t\t\t<\/div>\n\t\t\t\t<\/div>\n\t\t<div class=\"elementor-element elementor-element-2a84eeb e-flex e-con-boxed e-con e-parent\" data-id=\"2a84eeb\" data-element_type=\"container\" data-e-type=\"container\" data-settings=\"{&quot;background_background&quot;:&quot;classic&quot;}\">\n\t\t\t\t\t<div class=\"e-con-inner\">\n\t\t\t\t<div class=\"elementor-element elementor-element-aa6455e elementor-widget elementor-widget-heading\" data-id=\"aa6455e\" data-element_type=\"widget\" data-e-type=\"widget\" data-widget_type=\"heading.default\">\n\t\t\t\t<div class=\"elementor-widget-container\">\n\t\t\t\t\t<h2 class=\"elementor-heading-title elementor-size-default\">Komm und fahr mit uns \u2013 Sp\u00fcre Terceiras Herzschlag<\/h2>\t\t\t\t<\/div>\n\t\t\t\t<\/div>\n\t\t\t\t<div class=\"elementor-element elementor-element-685be93 elementor-widget elementor-widget-text-editor\" data-id=\"685be93\" data-element_type=\"widget\" data-e-type=\"widget\" data-widget_type=\"text-editor.default\">\n\t\t\t\t<div class=\"elementor-widget-container\">\n\t\t\t\t\t\t\t\t\t<p>Egal, ob Sie im Banana Eco Camp oder irgendwo anders auf der Insel \u00fcbernachten:<\/p>\n<ul>\n<li>Buchen Sie einfach online, keine Kreditkarte erforderlich.<\/li>\n<li>Holen Sie Ihren Roller in Angra do Hero\u00edsmo ab.<\/li>\n<li>Durchquere die Insel mit dem Auto und entdecke Orte, die die meisten Menschen nie zu Gesicht bekommen.<\/li>\n<li>Vielleicht schauen Sie anschlie\u00dfend bei Coffee Cabana vorbei \u2013 genie\u00dfen Sie einen Kaffee, der von denselben H\u00e4nden angebaut wurde, die auch Ihre Fahrt zum Leben erweckt haben.<\/li>\n<\/ul>\n<p style=\"text-align: center;\">Wir freuen uns darauf, Ihnen Terceira n\u00e4herzubringen \u2013 auf eine entspannte, authentische und unvergessliche Weise.<\/p>\n<p style=\"text-align: center;\"><strong>Reite frei. Erkunde alles genau. Erlebe Terceira.  <\/strong><\/p>\n\t\t\t\t\t\t\t\t<\/div>\n\t\t\t\t<\/div>\n\t\t\t\t<div class=\"elementor-element elementor-element-74ab876 elementor-align-center elementor-widget elementor-widget-button\" data-id=\"74ab876\" data-element_type=\"widget\" data-e-type=\"widget\" data-widget_type=\"button.default\">\n\t\t\t\t<div class=\"elementor-widget-container\">\n\t\t\t\t\t\t\t\t\t<div class=\"elementor-button-wrapper\">\n\t\t\t\t\t<a class=\"elementor-button elementor-button-link elementor-size-sm elementor-animation-skew\" href=\"https:\/\/terceirarentascooter.pt\/de\/shop\/\">\n\t\t\t\t\t\t<span class=\"elementor-button-content-wrapper\">\n\t\t\t\t\t\t<span class=\"elementor-button-icon\">\n\t\t\t\t<i aria-hidden=\"true\" class=\"fas fa-map-pin\"><\/i>\t\t\t<\/span>\n\t\t\t\t\t\t\t\t\t<span class=\"elementor-button-text\">Buche deine Fahrt hier<\/span>\n\t\t\t\t\t<\/span>\n\t\t\t\t\t<\/a>\n\t\t\t\t<\/div>\n\t\t\t\t\t\t\t\t<\/div>\n\t\t\t\t<\/div>\n\t\t\t\t\t<\/div>\n\t\t\t\t<\/div>\n\t\t\t\t<\/div>\n\t\t","protected":false},"excerpt":{"rendered":"<p>\u00dcber Terceira rent-a-scooter Wo Inselstra\u00dfen auf Plantagenwurzeln treffen Hallo \u2013 ich bin Marcelo Mota, Gr\u00fcnder von Terceira Rent-a-Scooter, und ich m\u00f6chte Ihnen eine kleine Geschichte dar\u00fcber erz\u00e4hlen, wie dieser Traum begann und wie er mit Natur, Familie \u2013 und gutem Kaffee \u2615 \u2013 verbunden ist. Schon als Kind liebte ich Motorr\u00e4der. Als Teenager fuhr ich [&hellip;]<\/p>\n","protected":false},"author":1,"featured_media":0,"parent":0,"menu_order":0,"comment_status":"closed","ping_status":"closed","template":"","meta":{"site-sidebar-layout":"default","site-content-layout":"","ast-site-content-layout":"default","site-content-style":"default","site-sidebar-style":"default","ast-global-header-display":"","ast-banner-title-visibility":"","ast-main-header-display":"","ast-hfb-above-header-display":"","ast-hfb-below-header-display":"","ast-hfb-mobile-header-display":"","site-post-title":"disabled","ast-breadcrumbs-content":"","ast-featured-img":"","footer-sml-layout":"","ast-disable-related-posts":"","theme-transparent-header-meta":"","adv-header-id-meta":"","stick-header-meta":"","header-above-stick-meta":"","header-main-stick-meta":"","header-below-stick-meta":"","astra-migrate-meta-layouts":"default","ast-page-background-enabled":"default","ast-page-background-meta":{"desktop":{"background-color":"var(--ast-global-color-4)","background-image":"","background-repeat":"repeat","background-position":"center center","background-size":"auto","background-attachment":"scroll","background-type":"","background-media":"","overlay-type":"","overlay-color":"","overlay-opacity":"","overlay-gradient":""},"tablet":{"background-color":"","background-image":"","background-repeat":"repeat","background-position":"center center","background-size":"auto","background-attachment":"scroll","background-type":"","background-media":"","overlay-type":"","overlay-color":"","overlay-opacity":"","overlay-gradient":""},"mobile":{"background-color":"","background-image":"","background-repeat":"repeat","background-position":"center center","background-size":"auto","background-attachment":"scroll","background-type":"","background-media":"","overlay-type":"","overlay-color":"","overlay-opacity":"","overlay-gradient":""}},"ast-content-background-meta":{"desktop":{"background-color":"var(--ast-global-color-5)","background-image":"","background-repeat":"repeat","background-position":"center center","background-size":"auto","background-attachment":"scroll","background-type":"","background-media":"","overlay-type":"","overlay-color":"","overlay-opacity":"","overlay-gradient":""},"tablet":{"background-color":"var(--ast-global-color-5)","background-image":"","background-repeat":"repeat","background-position":"center center","background-size":"auto","background-attachment":"scroll","background-type":"","background-media":"","overlay-type":"","overlay-color":"","overlay-opacity":"","overlay-gradient":""},"mobile":{"background-color":"var(--ast-global-color-5)","background-image":"","background-repeat":"repeat","background-position":"center center","background-size":"auto","background-attachment":"scroll","background-type":"","background-media":"","overlay-type":"","overlay-color":"","overlay-opacity":"","overlay-gradient":""}},"footnotes":""},"class_list":["post-3850","page","type-page","status-publish","hentry"],"_links":{"self":[{"href":"https:\/\/terceirarentascooter.pt\/de\/wp-json\/wp\/v2\/pages\/3850","targetHints":{"allow":["GET"]}}],"collection":[{"href":"https:\/\/terceirarentascooter.pt\/de\/wp-json\/wp\/v2\/pages"}],"about":[{"href":"https:\/\/terceirarentascooter.pt\/de\/wp-json\/wp\/v2\/types\/page"}],"author":[{"embeddable":true,"href":"https:\/\/terceirarentascooter.pt\/de\/wp-json\/wp\/v2\/users\/1"}],"replies":[{"embeddable":true,"href":"https:\/\/terceirarentascooter.pt\/de\/wp-json\/wp\/v2\/comments?post=3850"}],"version-history":[{"count":0,"href":"https:\/\/terceirarentascooter.pt\/de\/wp-json\/wp\/v2\/pages\/3850\/revisions"}],"wp:attachment":[{"href":"https:\/\/terceirarentascooter.pt\/de\/wp-json\/wp\/v2\/media?parent=3850"}],"curies":[{"name":"wp","href":"https:\/\/api.w.org\/{rel}","templated":true}]}}